{"id":165,"date":"2022-12-06T17:26:46","date_gmt":"2022-12-06T17:26:46","guid":{"rendered":"https:\/\/ninongloger.de\/?page_id=165"},"modified":"2023-03-22T13:37:25","modified_gmt":"2023-03-22T13:37:25","slug":"impressum","status":"publish","type":"page","link":"https:\/\/ninongloger.de\/en\/impressum\/","title":{"rendered":"Legal Notice"},"content":{"rendered":"<p>Herausgeber: <br>Ninon Gloger<br>Eckhorster Str.1<br>23556 L\u00fcbeck<br>mobil: 0049-179-6871145<\/p>\n\n\n\n<p>Haftungsausschluss: <br>F\u00fcr Verlinkungen auf dritten Websites \u00fcbernehme ich keine Verantwortung. <\/p>\n\n\n\n<p>Urheberrechte:<br>Alle Texte-, Bilder- und Mediadaten auf der Website sind urheberrechtlich gesch\u00fctzt und d\u00fcrfen ohne Genehmigung nicht gekopiert oder vervielf\u00e4ltigt werden.<\/p>","protected":false},"excerpt":{"rendered":"<p>Herausgeber: Ninon GlogerEckhorster Str.123556 L\u00fcbeckmobil: 0049-179-6871145 Haftungsausschluss: F\u00fcr Verlinkungen auf dritten Websites \u00fcbernehme ich keine Verantwortung. Urheberrechte:Alle Texte-, Bilder- und Mediadaten auf der Website sind urheberrechtlich gesch\u00fctzt und d\u00fcrfen ohne Genehmigung nicht gekopiert oder vervielf\u00e4ltigt werden.<\/p>","protected":false},"author":1,"featured_media":0,"parent":0,"menu_order":0,"comment_status":"closed","ping_status":"closed","template":"","meta":{"_acf_changed":false,"footnotes":""},"class_list":["post-165","page","type-page","status-publish","hentry"],"acf":[],"_links":{"self":[{"href":"https:\/\/ninongloger.de\/en\/wp-json\/wp\/v2\/pages\/165","targetHints":{"allow":["GET"]}}],"collection":[{"href":"https:\/\/ninongloger.de\/en\/wp-json\/wp\/v2\/pages"}],"about":[{"href":"https:\/\/ninongloger.de\/en\/wp-json\/wp\/v2\/types\/page"}],"author":[{"embeddable":true,"href":"https:\/\/ninongloger.de\/en\/wp-json\/wp\/v2\/users\/1"}],"replies":[{"embeddable":true,"href":"https:\/\/ninongloger.de\/en\/wp-json\/wp\/v2\/comments?post=165"}],"version-history":[{"count":2,"href":"https:\/\/ninongloger.de\/en\/wp-json\/wp\/v2\/pages\/165\/revisions"}],"predecessor-version":[{"id":557,"href":"https:\/\/ninongloger.de\/en\/wp-json\/wp\/v2\/pages\/165\/revisions\/557"}],"wp:attachment":[{"href":"https:\/\/ninongloger.de\/en\/wp-json\/wp\/v2\/media?parent=165"}],"curies":[{"name":"wp","href":"https:\/\/api.w.org\/{rel}","templated":true}]}}