{"id":23,"date":"2022-09-12T15:28:25","date_gmt":"2022-09-12T15:28:25","guid":{"rendered":"https:\/\/ninongloger.de\/?page_id=23"},"modified":"2025-02-28T15:03:14","modified_gmt":"2025-02-28T15:03:14","slug":"vita-2","status":"publish","type":"page","link":"https:\/\/ninongloger.de\/en\/","title":{"rendered":"Dear visitor,"},"content":{"rendered":"<p>welcome and thank you for stopping by!<\/p>\n\n\n\n<p>I hope that there's plenty for you to discover here and that you'll enjoy your stay.<\/p>\n\n\n\n<p>About me:<\/p>\n\n\n\n<p>Even as a small child growing up in the wild south of Stuttgart, I was fascinated by music. I was especially enamored with the sound of the piano and the broad spectrum of piano repertoire. I've always been really interested in the wider world of piano and beyond and so today I like to let off steam in various areas: with my jazz trio\u00a0<em>Triologue's<\/em>, various ensembles for contemporary and current music, stage music for theater and readings and as the organizer of the concert series\u00a0<em>\u00abKlangrauschen\u00bb<\/em>\u00a0in the beautiful Hanseatic city of L\u00fcbeck.<em>\u00a0<\/em>I live here with my northern german husband, two daughters and two rabbits surrounded by a beautiful green outdoor space.<\/p>\n\n\n\n<p>Another great love of mine is chamber and orchestral music. Currently, my favorite project is \u201cTangOrienTales\u201d together with the great Persian violinist Azadeh Maghsoodi! I also enjoy sharing my knowledge and teaching others, whether in my professional teaching role, or in my work with children and young people.<\/p>\n\n\n\n<p>As well as music, my heart beats for yoga! My yoga teacher training course never ceases to amaze me with the treasures that are to be discovered on the yoga path and on the mat! I am also an active member of Greenpeace as I believe there is nothing more important than working for a sustainable and climate friendly world.<\/p>\n\n\n\n<p>With this in mind, I hope you enjoy watching, listening and reading&nbsp;<\/p>\n\n\n\n<figure class=\"wp-block-image size-medium\"><img loading=\"lazy\" decoding=\"async\" width=\"300\" height=\"74\" src=\"https:\/\/ninongloger.de\/wp-content\/uploads\/2022\/11\/ninon-autogram-300x74.png\" alt=\"Ninon Gloger\" class=\"wp-image-134\" srcset=\"https:\/\/ninongloger.de\/wp-content\/uploads\/2022\/11\/ninon-autogram-300x74.png 300w, https:\/\/ninongloger.de\/wp-content\/uploads\/2022\/11\/ninon-autogram-768x188.png 768w, https:\/\/ninongloger.de\/wp-content\/uploads\/2022\/11\/ninon-autogram.png 800w\" sizes=\"auto, (max-width: 300px) 100vw, 300px\" \/><\/figure>","protected":false},"excerpt":{"rendered":"<p>herzlich Willkommen und sch\u00f6n, dass Du meine Website besuchst! Ich hoffe, es gibt hier Einiges zu entdecken und das St\u00f6bern macht Freude. \u00dcber mich: Schon als Kleinkind &#8211; aufgewachsen im wilden S\u00fcden Stuttgarts &#8211; hat mich Musik, der Klang des Klaviers und das gro\u00dfe Spektrum der Klaviermusik begeistert. Mich faszinierten immer auch die Dinge rechts [&hellip;]<\/p>\n","protected":false},"author":1,"featured_media":35,"parent":0,"menu_order":0,"comment_status":"closed","ping_status":"closed","template":"","meta":{"_acf_changed":false,"footnotes":""},"class_list":["post-23","page","type-page","status-publish","has-post-thumbnail","hentry"],"acf":[],"_links":{"self":[{"href":"https:\/\/ninongloger.de\/en\/wp-json\/wp\/v2\/pages\/23","targetHints":{"allow":["GET"]}}],"collection":[{"href":"https:\/\/ninongloger.de\/en\/wp-json\/wp\/v2\/pages"}],"about":[{"href":"https:\/\/ninongloger.de\/en\/wp-json\/wp\/v2\/types\/page"}],"author":[{"embeddable":true,"href":"https:\/\/ninongloger.de\/en\/wp-json\/wp\/v2\/users\/1"}],"replies":[{"embeddable":true,"href":"https:\/\/ninongloger.de\/en\/wp-json\/wp\/v2\/comments?post=23"}],"version-history":[{"count":16,"href":"https:\/\/ninongloger.de\/en\/wp-json\/wp\/v2\/pages\/23\/revisions"}],"predecessor-version":[{"id":660,"href":"https:\/\/ninongloger.de\/en\/wp-json\/wp\/v2\/pages\/23\/revisions\/660"}],"wp:featuredmedia":[{"embeddable":true,"href":"https:\/\/ninongloger.de\/en\/wp-json\/wp\/v2\/media\/35"}],"wp:attachment":[{"href":"https:\/\/ninongloger.de\/en\/wp-json\/wp\/v2\/media?parent=23"}],"curies":[{"name":"wp","href":"https:\/\/api.w.org\/{rel}","templated":true}]}}